{"id":129,"date":"2025-08-07T12:51:50","date_gmt":"2025-08-07T12:51:50","guid":{"rendered":"https:\/\/katamaran.divers.cz\/?page_id=129"},"modified":"2025-08-07T13:36:42","modified_gmt":"2025-08-07T13:36:42","slug":"katamaran-copernic","status":"publish","type":"page","link":"https:\/\/katamaran.divers.cz\/?page_id=129","title":{"rendered":"Katamar\u00e1n Copernic"},"content":{"rendered":"<div class=\"wpb-content-wrapper\"><p>[vc_row][vc_column][\/vc_column][\/vc_row][vc_row is_section=&#8220;yes&#8220; remove_margin_top=&#8220;yes&#8220; remove_margin_bottom=&#8220;yes&#8220; remove_border=&#8220;yes&#8220; el_class=&#8220;intro-section p-0&#8243; el_id=&#8220;home&#8220; conditional_render=&#8220;%5B%7B%22condition_a%22%3A%22device%22%2C%22comparative_operator%22%3A%22not_equal%22%2C%22value_device%22%3A%22tablet_mobile%22%2C%22value_role%22%3A%22administrator%22%7D%5D&#8220; css_params=&#8220;&#8220;][vc_column conditional_render=&#8220;%5B%7B%22value_role%22%3A%22administrator%22%7D%5D&#8220;]<div class=\"porto-ibanner interactive-banner-wrap-07dd21040fa50768c9d370ae74e47015 has-parallax-bg\" style=\"background:#afb3b2;min-height:600px;\" data-plugin-parallax data-plugin-options=\"{&quot;speed&quot;:&quot;1.2&quot;}\" data-image-src=\"https:\/\/katamaran.divers.cz\/wp-content\/uploads\/2025\/08\/IMG_2886-scaled.jpg\"><img loading=\"lazy\" decoding=\"async\" alt=\"\" width=\"2560\" height=\"1920\" class=\"porto-ibanner-img porto-lazyload\" src=\"https:\/\/katamaran.divers.cz\/wp-content\/uploads\/porto_placeholders\/100x75.jpg\" data-src=\"https:\/\/katamaran.divers.cz\/wp-content\/uploads\/2025\/08\/IMG_2886-scaled.jpg\" srcset=\"https:\/\/katamaran.divers.cz\/wp-content\/uploads\/2025\/08\/IMG_2886-scaled.jpg 2560w, https:\/\/katamaran.divers.cz\/wp-content\/uploads\/2025\/08\/IMG_2886-1024x768.jpg 1024w, https:\/\/katamaran.divers.cz\/wp-content\/uploads\/2025\/08\/IMG_2886-1536x1152.jpg 1536w, https:\/\/katamaran.divers.cz\/wp-content\/uploads\/2025\/08\/IMG_2886-2048x1536.jpg 2048w\" sizes=\"auto, (max-width: 2560px) 100vw, 2560px\"><div class=\"porto-ibanner-desc no-padding d-flex\"><div class=\"container\"><div class=\"porto-ibanner-container\"><div class=\"porto-ibanner-layer wpb_custom_2c5109c031829f9c54153ed0e6239ff6 banner-pos-74687b992837363fcec4731ac23d11bf\" style=\"width:100%;\"><div class=\"porto-animation position-relative\"  data-appear-animation=\"fadeInUp\" data-appear-animation-delay=\"300\"><div class=\"porto-u-heading position-absolute mb-0 custom-text-1 custom-text-font  wpb_custom_95aa9a11c17ad45cfabaf210d84ee7cc porto-u-55ca8359258f9a412be7e73af65d2aac \"><div class=\"porto-u-main-heading\"><h2   style=\"color:rgba(255,255,255,0);\">Katamar\u00e1n Copernic<\/h2><\/div><style>.porto-u-55ca8359258f9a412be7e73af65d2aac.porto-u-heading{text-align:center}<\/style><\/div><div class=\"porto-u-heading position-relative mb-0  wpb_custom_91abc02dc47d370d0b3821ff36ed2abd porto-u-deedcbb7371acea8894cf5880bfdad9c  vc_custom_1754571272239\"><div class=\"porto-u-main-heading\"><h1   style=\"color:#ffffff;\">Katamar\u00e1n Copernic<\/h1><\/div><div class=\"porto-u-sub-heading\" style=\"color: #ffffff;margin-bottom:63px;\">Podrobnosti o lodi<\/div><style>.porto-u-deedcbb7371acea8894cf5880bfdad9c.porto-u-heading{text-align:right}<\/style><\/div><\/div><style>.banner-pos-74687b992837363fcec4731ac23d11bf {left:0%;right: unset;bottom:0%; top: unset;}<\/style><\/div><\/div><\/div><\/div><\/div>[\/vc_column][\/vc_row][vc_row][vc_column]<div class=\"porto-u-heading  wpb_custom_8956f84357c0a26423ee21a40253f819 porto-u-ad87e2eaf3f9c495180fe0156ddf3eb0  vc_custom_1754571330044\" data-appear-animation=\"revealDirRight\" data-animation-reveal-clr=\"var(--porto-primary-color)\"><div class=\"porto-u-main-heading\"><h1   style=\"color:var(--porto-dark-color);\">Popis lodi a vybaven\u00ed<\/h1><\/div><style>.porto-u-ad87e2eaf3f9c495180fe0156ddf3eb0.porto-u-heading{text-align:left}<\/style><\/div><div class=\"porto-u-heading  wpb_custom_0fb8e97da6b7291cd3b12ed2d79907b9 porto-u-ad87e2eaf3f9c495180fe0156ddf3eb0  vc_custom_1754573604267\"><div class=\"porto-u-sub-heading\" style=\"margin-bottom:0px;\">\n<p class=\"p1\">Sv\u011btl\u00e9 a velk\u00e9 kajuty s 12 l\u016f\u017eky, vlastn\u00edm soci\u00e1ln\u00edm za\u0159\u00edzen\u00edm, prostorn\u00fdmi policemi a sk\u0159\u00edn\u011bmi, st\u0159e\u0161n\u00edmi a bo\u010dn\u00edmi okny. Vnit\u0159n\u00ed sal\u00f3n a zadn\u00ed paluba slou\u017e\u00edc\u00ed jako bar, j\u00eddelna a \u00fakryt p\u0159ed sluncem. To je katamar\u00e1n Copernic v kostce.<\/p>\n<p><\/div><style>.porto-u-ad87e2eaf3f9c495180fe0156ddf3eb0.porto-u-heading{text-align:left}<\/style><\/div>[\/vc_column][\/vc_row][vc_row][vc_column width=&#8220;1\/2&#8243;][vc_column_text css=&#8220;&#8220; css_params=&#8220;&#8220;]<\/p>\n<div class=\"equipment-table-wrapper\">\n<table class=\"equipment-table\">\n<thead>\n<tr>\n<th>Parametr<\/th>\n<th>Hodnota<\/th>\n<\/tr>\n<\/thead>\n<tbody>\n<tr>\n<td data-label=\"Parametr\">Jm\u00e9no lodi<\/td>\n<td data-label=\"Hodnota\">Copernic<\/td>\n<\/tr>\n<tr>\n<td data-label=\"Parametr\">Typ lodi<\/td>\n<td data-label=\"Hodnota\">kombinovan\u00e1 plachetnice + motorov\u00e1, katamar\u00e1n<\/td>\n<\/tr>\n<tr>\n<td data-label=\"Parametr\">Model<\/td>\n<td data-label=\"Hodnota\">Lagoon 570<\/td>\n<\/tr>\n<tr>\n<td data-label=\"Parametr\">V\u00fdrobce<\/td>\n<td data-label=\"Hodnota\">Lagoon, Bordeaux<\/td>\n<\/tr>\n<tr>\n<td data-label=\"Parametr\">D\u00e9lka<\/td>\n<td data-label=\"Hodnota\">17.06 m (56 stop)<\/td>\n<\/tr>\n<tr>\n<td data-label=\"Parametr\">\u0160\u00ed\u0159ka \/ ponor<\/td>\n<td data-label=\"Hodnota\">9.15 m \/ 1.40 m<\/td>\n<\/tr>\n<tr>\n<td data-label=\"Parametr\">Rok v\u00fdroby<\/td>\n<td data-label=\"Hodnota\">2005<\/td>\n<\/tr>\n<tr>\n<td data-label=\"Parametr\">Max. po\u010det osob<\/td>\n<td data-label=\"Hodnota\">A 10, BCD 14<\/td>\n<\/tr>\n<tr>\n<td data-label=\"Parametr\">Osob \/ noc<\/td>\n<td data-label=\"Hodnota\">10 + 2<\/td>\n<\/tr>\n<tr>\n<td data-label=\"Parametr\">Kabiny \/ l\u016f\u017eka<\/td>\n<td data-label=\"Hodnota\">8 \/ 14<\/td>\n<\/tr>\n<tr>\n<td data-label=\"Parametr\">Motory<\/td>\n<td data-label=\"Hodnota\">2\u00d7 Volvo Penta D2 75<\/td>\n<\/tr>\n<tr>\n<td data-label=\"Parametr\">Palivo<\/td>\n<td data-label=\"Hodnota\">nafta<\/td>\n<\/tr>\n<tr>\n<td data-label=\"Parametr\">V\u00fdkon motor\u016f<\/td>\n<td data-label=\"Hodnota\">2 \u00d7 55 kW (2\u00d775 hp)<\/td>\n<\/tr>\n<tr>\n<td data-label=\"Parametr\">Spot\u0159eba<\/td>\n<td data-label=\"Hodnota\">8\u201310 l\/hod<\/td>\n<\/tr>\n<tr>\n<td data-label=\"Parametr\">Rychlost na motory<\/td>\n<td data-label=\"Hodnota\">8 uzl\u016f<\/td>\n<\/tr>\n<tr>\n<td data-label=\"Parametr\">Bezpe\u010dn\u00e1 rychlost na plachty<\/td>\n<td data-label=\"Hodnota\">14 uzl\u016f<\/td>\n<\/tr>\n<tr>\n<td data-label=\"Parametr\">Kormidla<\/td>\n<td data-label=\"Hodnota\">2 s posilova\u010dem<\/td>\n<\/tr>\n<tr>\n<td data-label=\"Parametr\">Oplacht\u011bn\u00ed<\/td>\n<td data-label=\"Hodnota\">172 m\u00b2<\/td>\n<\/tr>\n<tr>\n<td data-label=\"Parametr\">Hlavn\u00ed plachta<\/td>\n<td data-label=\"Hodnota\">104 m\u00b2<\/td>\n<\/tr>\n<tr>\n<td data-label=\"Parametr\">Kosatka<\/td>\n<td data-label=\"Hodnota\">68 m\u00b2<\/td>\n<\/tr>\n<tr>\n<td data-label=\"Parametr\">Materi\u00e1l trupu<\/td>\n<td data-label=\"Hodnota\">GRP \/ polyester<\/td>\n<\/tr>\n<tr>\n<td data-label=\"Parametr\">Ton\u00e1\u017e<\/td>\n<td data-label=\"Hodnota\">55,1 t<\/td>\n<\/tr>\n<tr>\n<td data-label=\"Parametr\">Palivov\u00e9 n\u00e1dr\u017ee<\/td>\n<td data-label=\"Hodnota\">750 l<\/td>\n<\/tr>\n<tr>\n<td data-label=\"Parametr\">Vodn\u00ed n\u00e1dr\u017ee<\/td>\n<td data-label=\"Hodnota\">1 000 l<\/td>\n<\/tr>\n<tr>\n<td data-label=\"Parametr\">Vnit\u0159n\u00ed sprchy<\/td>\n<td data-label=\"Hodnota\">8<\/td>\n<\/tr>\n<tr>\n<td data-label=\"Parametr\">Venkovn\u00ed sprchy<\/td>\n<td data-label=\"Hodnota\">2<\/td>\n<\/tr>\n<tr>\n<td data-label=\"Parametr\">Oh\u0159ev vody<\/td>\n<td data-label=\"Hodnota\">elektrick\u00fd<\/td>\n<\/tr>\n<tr>\n<td data-label=\"Parametr\">Po\u010det WC<\/td>\n<td data-label=\"Hodnota\">8<\/td>\n<\/tr>\n<\/tbody>\n<\/table>\n<\/div>\n<p>[\/vc_column_text][\/vc_column][vc_column width=&#8220;1\/2&#8243;][vc_column_text css=&#8220;&#8220; css_params=&#8220;&#8220;]<\/p>\n<div class=\"equipment-table-wrapper\">\n<table class=\"equipment-table\">\n<thead>\n<tr>\n<th>Kategorie<\/th>\n<th>Vybaven\u00ed<\/th>\n<\/tr>\n<\/thead>\n<tbody>\n<tr>\n<td data-label=\"Kategorie\"><strong>Navigace<\/strong><\/td>\n<td data-label=\"Vybaven\u00ed\">autopilot, VHF r\u00e1dio, GPS Raymarine, GPS + plotter Garmin GPSMAP 4010 + mapy G2Vision, NAVTEX, rychlost a sm\u011br v\u011btru, SSB, dalekohled, manu\u00e1ln\u00ed naviga\u010dn\u00ed sada, kompas, rychlom\u011br, tlakom\u011br, hloubkom\u011br, naviga\u010dn\u00ed mapy, n\u00e1mo\u0159n\u00ed pr\u016fvodce oblast\u00ed<\/td>\n<\/tr>\n<tr>\n<td data-label=\"Kategorie\"><strong>Technick\u00e9 vybaven\u00ed<\/strong><\/td>\n<td data-label=\"Vybaven\u00ed\">gener\u00e1tor a rozvody 12V a 220V, vn\u011bj\u0161\u00ed kormideln\u00ed stanovi\u0161t\u011b, elektrick\u00fd pohon lanov\u00ed, elektrick\u00e9 vodn\u00ed pumpy, elektrick\u00fd tlakov\u00fd rozvod vody, elektrick\u00e9 vyh\u0159\u00edv\u00e1n\u00ed, elektrick\u00e1 \u0159et\u011bzov\u00e1 kotva, dob\u00edjen\u00ed bateri\u00ed, pozi\u010dn\u00ed a vyhled\u00e1vac\u00ed sv\u011btla<\/td>\n<\/tr>\n<tr>\n<td data-label=\"Kategorie\"><strong>Palubn\u00ed vybaven\u00ed<\/strong><\/td>\n<td data-label=\"Vybaven\u00ed\">pevn\u00e1 st\u0159echa, teakov\u00e1 paluba, plachtov\u00e9 uzav\u0159en\u00ed zadn\u00ed paluby, odd\u011blen\u00e9 kajuty pos\u00e1dky, vn\u011bj\u0161\u00ed sprchy s teplou vodou, bezpe\u010dnostn\u00ed lanov\u00e9 z\u00e1bradl\u00ed, fendry, motorov\u00fd \u010dlun 15hp<\/td>\n<\/tr>\n<tr>\n<td data-label=\"Kategorie\"><strong>Vnit\u0159n\u00ed vybaven\u00ed<\/strong><\/td>\n<td data-label=\"Vybaven\u00ed\">v\u00fdrobn\u00edk sladk\u00e9 vody &#8211; desalin\u00e1tor, plynov\u00fd 4-plot\u00e9nkov\u00fd va\u0159i\u010d, elektrick\u00e1 trouba, 2\u00d7 ledni\u010dka s mraz\u00e1kem, my\u010dka n\u00e1dob\u00ed, v\u00fdrobn\u00edk ledu, bar<\/td>\n<\/tr>\n<tr>\n<td data-label=\"Kategorie\"><strong>Z\u00e1bava<\/strong><\/td>\n<td data-label=\"Vybaven\u00ed\">satelitn\u00ed telefon, Wi-Fi internet, DVD, dom\u00e1c\u00ed kino s projekc\u00ed, HiFi Bose, multimedi\u00e1ln\u00ed centrum 1TB, CD, MP3, stoln\u00ed hry<\/td>\n<\/tr>\n<tr>\n<td data-label=\"Kategorie\"><strong>Bezpe\u010dnost<\/strong><\/td>\n<td data-label=\"Vybaven\u00ed\">EPIRB, VHF s DSC, z\u00e1chrann\u00e9 vesty 14\u00d7, z\u00e1chrann\u00e9 ostr\u016fvky Plastimo pro 14 osob s bal\u00ed\u010dky p\u0159e\u017eit\u00ed, z\u00e1chrann\u00e9 podkovy a lana, sign\u00e1ln\u00ed rakety, DAN b\u00f3je, radarov\u00fd odra\u017ee\u010d, vyhled\u00e1vac\u00ed a polohov\u00e1 sv\u011btla, l\u00e9k\u00e1rna, hasic\u00ed p\u0159\u00edstroje a vybaven\u00ed<\/td>\n<\/tr>\n<tr>\n<td data-label=\"Kategorie\"><strong>Pro pasa\u017e\u00e9ry<\/strong><\/td>\n<td data-label=\"Vybaven\u00ed\">ru\u010dn\u00edky, povle\u010den\u00ed, n\u00e1dob\u00ed, \u010dist\u00edc\u00ed prost\u0159edky, toaletn\u00ed pap\u00edr<\/td>\n<\/tr>\n<\/tbody>\n<\/table>\n<\/div>\n<p>[\/vc_column_text][vc_single_image image=&#8220;134&#8243; img_size=&#8220;full&#8220; alignment=&#8220;center&#8220; css=&#8220;.vc_custom_1754573127808{margin-bottom: 0px !important;padding-right: 30px !important;padding-left: 30px !important;}&#8220; img_object=&#8220;fill&#8220; img_width=&#8220;{&#8222;xl&#8222;:&#8222;&#8222;,&#8222;unit&#8222;:&#8222;%&#8222;,&#8222;xs&#8222;:&#8222;&#8222;,&#8222;sm&#8222;:&#8222;&#8222;,&#8222;md&#8222;:&#8222;&#8222;,&#8222;lg&#8222;:&#8222;&#8222;}&#8220; img_height=&#8220;{&#8222;xl&#8222;:&#8222;&#8222;,&#8222;unit&#8222;:&#8222;%&#8222;,&#8222;xs&#8222;:&#8222;&#8222;,&#8222;sm&#8222;:&#8222;&#8222;,&#8222;md&#8222;:&#8222;&#8222;,&#8222;lg&#8222;:&#8222;&#8222;}&#8220; css_params=&#8220;&#8220;]<div class=\"porto-gallery has-ccols ccols-1 has-ccols-spacing ccols-sm-2 ccols-md-3 ccols-lg-4 wpb_custom_be969f6b97af8cc4163f2fc3002dc27c porto-gallery-masonry lightbox\" data-plugin-masonry data-plugin-options=\"{&quot;layoutMode&quot;:&quot;masonry&quot;,&quot;itemSelector&quot;:&quot;a&quot;,&quot;masonry&quot;:{&quot;columnWidth&quot;:&quot;a&quot;},&quot;animationEngine&quot;:&quot;best-available&quot;,&quot;resizable&quot;:false}\" data-lightbox-options=\"{&quot;delegate&quot;:&quot;a&quot;,&quot;mainClass&quot;:&quot;mfp-with-zoom&quot;,&quot;zoom&quot;:{&quot;enabled&quot;:true,&quot;duration&quot;:300},&quot;gallery&quot;:{&quot;enabled&quot;:true},&quot;type&quot;:&quot;image&quot;}\"><a href=\"https:\/\/katamaran.divers.cz\/wp-content\/uploads\/2025\/08\/IMG_0298.jpg\"><figure><img loading=\"lazy\" decoding=\"async\" width=\"463\" height=\"348\" src=\"https:\/\/katamaran.divers.cz\/wp-content\/uploads\/2025\/08\/IMG_0298-463x348.jpg\" class=\"attachment-blog-medium size-blog-medium\" alt=\"\" srcset=\"https:\/\/katamaran.divers.cz\/wp-content\/uploads\/2025\/08\/IMG_0298-463x348.jpg 463w, https:\/\/katamaran.divers.cz\/wp-content\/uploads\/2025\/08\/IMG_0298-400x300.jpg 400w\" sizes=\"auto, (max-width: 463px) 100vw, 463px\" \/><\/figure><\/a><a href=\"https:\/\/katamaran.divers.cz\/wp-content\/uploads\/2025\/08\/IMG_2827-scaled.jpg\"><figure><img loading=\"lazy\" decoding=\"async\" width=\"463\" height=\"348\" src=\"https:\/\/katamaran.divers.cz\/wp-content\/uploads\/2025\/08\/IMG_2827-463x348.jpg\" class=\"attachment-blog-medium size-blog-medium\" alt=\"Katamar\u00e1n z\u00e1\u010f\" srcset=\"https:\/\/katamaran.divers.cz\/wp-content\/uploads\/2025\/08\/IMG_2827-463x348.jpg 463w, https:\/\/katamaran.divers.cz\/wp-content\/uploads\/2025\/08\/IMG_2827-400x300.jpg 400w\" sizes=\"auto, (max-width: 463px) 100vw, 463px\" \/><\/figure><\/a><a href=\"https:\/\/katamaran.divers.cz\/wp-content\/uploads\/2025\/08\/IMG_2834-scaled.jpg\"><figure><img loading=\"lazy\" decoding=\"async\" width=\"463\" height=\"348\" src=\"https:\/\/katamaran.divers.cz\/wp-content\/uploads\/2025\/08\/IMG_2834-463x348.jpg\" class=\"attachment-blog-medium size-blog-medium\" alt=\"\" srcset=\"https:\/\/katamaran.divers.cz\/wp-content\/uploads\/2025\/08\/IMG_2834-463x348.jpg 463w, https:\/\/katamaran.divers.cz\/wp-content\/uploads\/2025\/08\/IMG_2834-400x300.jpg 400w\" sizes=\"auto, (max-width: 463px) 100vw, 463px\" \/><\/figure><\/a><a href=\"https:\/\/katamaran.divers.cz\/wp-content\/uploads\/2025\/08\/IMG_2840-scaled.jpg\"><figure><img loading=\"lazy\" decoding=\"async\" width=\"463\" height=\"348\" src=\"https:\/\/katamaran.divers.cz\/wp-content\/uploads\/2025\/08\/IMG_2840-463x348.jpg\" class=\"attachment-blog-medium size-blog-medium\" alt=\"\" srcset=\"https:\/\/katamaran.divers.cz\/wp-content\/uploads\/2025\/08\/IMG_2840-463x348.jpg 463w, https:\/\/katamaran.divers.cz\/wp-content\/uploads\/2025\/08\/IMG_2840-400x300.jpg 400w\" sizes=\"auto, (max-width: 463px) 100vw, 463px\" \/><\/figure><\/a><a href=\"https:\/\/katamaran.divers.cz\/wp-content\/uploads\/2025\/08\/IMG_2858-scaled.jpg\"><figure><img loading=\"lazy\" decoding=\"async\" width=\"463\" height=\"348\" src=\"https:\/\/katamaran.divers.cz\/wp-content\/uploads\/2025\/08\/IMG_2858-463x348.jpg\" class=\"attachment-blog-medium size-blog-medium\" alt=\"\" srcset=\"https:\/\/katamaran.divers.cz\/wp-content\/uploads\/2025\/08\/IMG_2858-463x348.jpg 463w, https:\/\/katamaran.divers.cz\/wp-content\/uploads\/2025\/08\/IMG_2858-400x300.jpg 400w\" sizes=\"auto, (max-width: 463px) 100vw, 463px\" \/><\/figure><\/a><a href=\"https:\/\/katamaran.divers.cz\/wp-content\/uploads\/2025\/08\/IMG_2862-scaled.jpg\"><figure><img loading=\"lazy\" decoding=\"async\" width=\"463\" height=\"348\" src=\"https:\/\/katamaran.divers.cz\/wp-content\/uploads\/2025\/08\/IMG_2862-463x348.jpg\" class=\"attachment-blog-medium size-blog-medium\" alt=\"\" srcset=\"https:\/\/katamaran.divers.cz\/wp-content\/uploads\/2025\/08\/IMG_2862-463x348.jpg 463w, https:\/\/katamaran.divers.cz\/wp-content\/uploads\/2025\/08\/IMG_2862-400x300.jpg 400w\" sizes=\"auto, (max-width: 463px) 100vw, 463px\" \/><\/figure><\/a><a href=\"https:\/\/katamaran.divers.cz\/wp-content\/uploads\/2025\/08\/IMG_2826-scaled.jpg\"><figure><img loading=\"lazy\" decoding=\"async\" width=\"463\" height=\"348\" src=\"https:\/\/katamaran.divers.cz\/wp-content\/uploads\/2025\/08\/IMG_2826-463x348.jpg\" class=\"attachment-blog-medium size-blog-medium\" alt=\"\" srcset=\"https:\/\/katamaran.divers.cz\/wp-content\/uploads\/2025\/08\/IMG_2826-463x348.jpg 463w, https:\/\/katamaran.divers.cz\/wp-content\/uploads\/2025\/08\/IMG_2826-400x300.jpg 400w\" sizes=\"auto, (max-width: 463px) 100vw, 463px\" \/><\/figure><\/a><a href=\"https:\/\/katamaran.divers.cz\/wp-content\/uploads\/2025\/08\/IMG_2838-scaled.jpg\"><figure><img loading=\"lazy\" decoding=\"async\" width=\"463\" height=\"348\" src=\"https:\/\/katamaran.divers.cz\/wp-content\/uploads\/2025\/08\/IMG_2838-463x348.jpg\" class=\"attachment-blog-medium size-blog-medium\" alt=\"\" srcset=\"https:\/\/katamaran.divers.cz\/wp-content\/uploads\/2025\/08\/IMG_2838-463x348.jpg 463w, https:\/\/katamaran.divers.cz\/wp-content\/uploads\/2025\/08\/IMG_2838-400x300.jpg 400w\" sizes=\"auto, (max-width: 463px) 100vw, 463px\" \/><\/figure><\/a><a href=\"https:\/\/katamaran.divers.cz\/wp-content\/uploads\/2025\/08\/IMG_2891-scaled.jpg\"><figure><img loading=\"lazy\" decoding=\"async\" width=\"463\" height=\"348\" src=\"https:\/\/katamaran.divers.cz\/wp-content\/uploads\/2025\/08\/IMG_2891-463x348.jpg\" class=\"attachment-blog-medium size-blog-medium\" alt=\"\" srcset=\"https:\/\/katamaran.divers.cz\/wp-content\/uploads\/2025\/08\/IMG_2891-463x348.jpg 463w, https:\/\/katamaran.divers.cz\/wp-content\/uploads\/2025\/08\/IMG_2891-400x300.jpg 400w\" sizes=\"auto, (max-width: 463px) 100vw, 463px\" \/><\/figure><\/a><a href=\"https:\/\/katamaran.divers.cz\/wp-content\/uploads\/2025\/08\/IMG_0296.jpg\"><figure><img loading=\"lazy\" decoding=\"async\" width=\"463\" height=\"348\" src=\"https:\/\/katamaran.divers.cz\/wp-content\/uploads\/2025\/08\/IMG_0296-463x348.jpg\" class=\"attachment-blog-medium size-blog-medium\" alt=\"\" srcset=\"https:\/\/katamaran.divers.cz\/wp-content\/uploads\/2025\/08\/IMG_0296-463x348.jpg 463w, https:\/\/katamaran.divers.cz\/wp-content\/uploads\/2025\/08\/IMG_0296-400x300.jpg 400w\" sizes=\"auto, (max-width: 463px) 100vw, 463px\" \/><\/figure><\/a><\/div>[\/vc_column][\/vc_row]<\/p>\n<\/div>","protected":false},"excerpt":{"rendered":"<p>[vc_row][vc_column][\/vc_column][\/vc_row][vc_row is_section=&#8220;yes&#8220; remove_margin_top=&#8220;yes&#8220; remove_margin_bottom=&#8220;yes&#8220; remove_border=&#8220;yes&#8220; el_class=&#8220;intro-section p-0&#8243; el_id=&#8220;home&#8220; conditional_render=&#8220;%5B%7B%22condition_a%22%3A%22device%22%2C%22comparative_operator%22%3A%22not_equal%22%2C%22value_device%22%3A%22tablet_mobile%22%2C%22value_role%22%3A%22administrator%22%7D%5D&#8220; css_params=&#8220;&#8220;][vc_column conditional_render=&#8220;%5B%7B%22value_role%22%3A%22administrator%22%7D%5D&#8220;][\/vc_column][\/vc_row][vc_row][vc_column][\/vc_column][\/vc_row][vc_row][vc_column width=&#8220;1\/2&#8243;][vc_column_text css=&#8220;&#8220; css_params=&#8220;&#8220;] Parametr Hodnota Jm\u00e9no lodi Copernic Typ lodi kombinovan\u00e1 plachetnice + motorov\u00e1, katamar\u00e1n Model Lagoon 570 V\u00fdrobce Lagoon, Bordeaux D\u00e9lka 17.06 m (56 stop) \u0160\u00ed\u0159ka \/ ponor 9.15 m \/ 1.40 m Rok v\u00fdroby 2005 Max. po\u010det osob A 10, BCD 14 [&hellip;]<\/p>\n","protected":false},"author":1,"featured_media":0,"parent":0,"menu_order":0,"comment_status":"closed","ping_status":"closed","template":"","meta":{"footnotes":""},"class_list":["post-129","page","type-page","status-publish","hentry"],"_links":{"self":[{"href":"https:\/\/katamaran.divers.cz\/index.php?rest_route=\/wp\/v2\/pages\/129","targetHints":{"allow":["GET"]}}],"collection":[{"href":"https:\/\/katamaran.divers.cz\/index.php?rest_route=\/wp\/v2\/pages"}],"about":[{"href":"https:\/\/katamaran.divers.cz\/index.php?rest_route=\/wp\/v2\/types\/page"}],"author":[{"embeddable":true,"href":"https:\/\/katamaran.divers.cz\/index.php?rest_route=\/wp\/v2\/users\/1"}],"replies":[{"embeddable":true,"href":"https:\/\/katamaran.divers.cz\/index.php?rest_route=%2Fwp%2Fv2%2Fcomments&post=129"}],"version-history":[{"count":11,"href":"https:\/\/katamaran.divers.cz\/index.php?rest_route=\/wp\/v2\/pages\/129\/revisions"}],"predecessor-version":[{"id":148,"href":"https:\/\/katamaran.divers.cz\/index.php?rest_route=\/wp\/v2\/pages\/129\/revisions\/148"}],"wp:attachment":[{"href":"https:\/\/katamaran.divers.cz\/index.php?rest_route=%2Fwp%2Fv2%2Fmedia&parent=129"}],"curies":[{"name":"wp","href":"https:\/\/api.w.org\/{rel}","templated":true}]}}